{"id":2773,"date":"2021-08-09T14:16:56","date_gmt":"2021-08-09T14:16:56","guid":{"rendered":"https:\/\/inivajewelry.com\/?page_id=2773"},"modified":"2025-01-06T15:19:07","modified_gmt":"2025-01-06T14:19:07","slug":"home-jewelry","status":"publish","type":"page","link":"https:\/\/inivajewelry.com\/fr\/","title":{"rendered":""},"content":{"rendered":"<h3>CHOISISSEZ VOTRE COLLECTION<\/h3>\n<style>\/*! elementor - v3.21.0 - 30-04-2024 *\/<br \/>\n.elementor-widget-image-box .elementor-image-box-content{width:100%}@media (min-width:768px){.elementor-widget-image-box.elementor-position-left .elementor-image-box-wrapper,.elementor-widget-image-box.elementor-position-right .elementor-image-box-wrapper{display:flex}.elementor-widget-image-box.elementor-position-right .elementor-image-box-wrapper{text-align:end;flex-direction:row-reverse}.elementor-widget-image-box.elementor-position-left .elementor-image-box-wrapper{text-align:start;flex-direction:row}.elementor-widget-image-box.elementor-position-top .elementor-image-box-img{margin:auto}.elementor-widget-image-box.elementor-vertical-align-top .elementor-image-box-wrapper{align-items:flex-start}.elementor-widget-image-box.elementor-vertical-align-middle .elementor-image-box-wrapper{align-items:center}.elementor-widget-image-box.elementor-vertical-align-bottom .elementor-image-box-wrapper{align-items:flex-end}}@media (max-width:767px){.elementor-widget-image-box .elementor-image-box-img{margin-left:auto!important;margin-right:auto!important;margin-bottom:15px}}.elementor-widget-image-box .elementor-image-box-img{display:inline-block}.elementor-widget-image-box .elementor-image-box-title a{color:inherit}.elementor-widget-image-box .elementor-image-box-wrapper{text-align:center}.elementor-widget-image-box .elementor-image-box-description{margin:0}<\/style>\n<figure><a tabindex=\"-1\" href=\"https:\/\/inivajewelry.com\/fr\/?product_cat=motherland\"><img fetchpriority=\"high\" decoding=\"async\" class=\"\" src=\"http:\/\/inivajewelry.com\/wp-content\/uploads\/2024\/02\/img_4839-scaled-370x493.jpg\" alt=\"\" width=\"287\" height=\"382\" \/><\/a><\/figure>\n<h4><a href=\"https:\/\/inivajewelry.com\/fr\/?product_cat=motherland\">MOTHERLAND<\/a><\/h4>\n<p style=\"font-size: 14px;\">Bijoux inspir\u00e9s de l'Afrique, chaque pi\u00e8ce unique \u00e0 l'image du continent. Affirmez vos racines avec \u00e9l\u00e9gance.<\/p>\n<figure><a tabindex=\"-1\" href=\"https:\/\/inivajewelry.com\/fr\/?product_cat=fang\"><img decoding=\"async\" class=\"\" src=\"http:\/\/inivajewelry.com\/wp-content\/uploads\/2024\/02\/fang-ok--370x493.jpg\" alt=\"\" width=\"300\" height=\"400\" \/><\/a><\/figure>\n<h4><a href=\"https:\/\/inivajewelry.com\/fr\/?product_cat=fang\">FANG<\/a><\/h4>\n<p style=\"font-size: 14px;\">Adoptez la force et l'h\u00e9ritage du masque Fang avec nos cr\u00e9ations de bijoux audacieuses et \u00e9l\u00e9gantes.<\/p>\n<figure><a tabindex=\"-1\" href=\"https:\/\/inivajewelry.com\/fr\/?product_cat=akwaba\"><img decoding=\"async\" class=\"\" src=\"http:\/\/inivajewelry.com\/wp-content\/uploads\/2024\/04\/IMG_0849-2-scaled-370x493.jpg\" alt=\"\" width=\"301\" height=\"401\" \/><\/a><\/figure>\n<h4><a href=\"https:\/\/inivajewelry.com\/fr\/?product_cat=akwaba\">AKWABA<\/a><\/h4>\n<p style=\"font-size: 14px;\">M\u00ealant l'art africain, le symbolisme des poup\u00e9es Ashanti et une \u00e9l\u00e9gance unique.<\/p>\n<figure><a tabindex=\"-1\" href=\"https:\/\/inivajewelry.com\/fr\/?product_cat=sun-star-moon\"><img loading=\"lazy\" decoding=\"async\" class=\"\" src=\"http:\/\/inivajewelry.com\/wp-content\/uploads\/2024\/04\/IMG-20240206-WA0049-370x493.jpg\" alt=\"\" width=\"296\" height=\"394\" \/><\/a><\/figure>\n<h4><a href=\"https:\/\/inivajewelry.com\/fr\/?product_cat=sun-star-moon\">SUN STAR MOON<\/a><\/h4>\n<p style=\"font-size: 14px;\">Rayonnez de style avec des bijoux d'inspiration c\u00e9leste, capturant le soleil, les \u00e9toiles et la lune.<\/p>\n<figure><a tabindex=\"-1\" href=\"https:\/\/inivajewelry.com\/fr\/?product_cat=seashell\"><img loading=\"lazy\" decoding=\"async\" class=\"\" src=\"http:\/\/inivajewelry.com\/wp-content\/uploads\/2024\/04\/WhatsApp-Image-2024-02-05-a-17.45.28_cd9ae759-370x493.jpg\" alt=\"\" width=\"290\" height=\"386\" \/><\/a><\/figure>\n<h4><a href=\"https:\/\/inivajewelry.com\/fr\/?product_cat=seashell\">SEASHELL<\/a><\/h4>\n<p style=\"font-size: 14px;\">Plongez dans l'\u00e9l\u00e9gance oc\u00e9anique avec des bijoux inspir\u00e9s par les coquillages, chaque pi\u00e8ce refl\u00e9tant la beaut\u00e9 et la s\u00e9r\u00e9nit\u00e9 de la mer.<\/p>\n<figure><a tabindex=\"-1\" href=\"https:\/\/inivajewelry.com\/fr\/?product_cat=motherland\"><img loading=\"lazy\" decoding=\"async\" class=\"\" src=\"http:\/\/inivajewelry.com\/wp-content\/uploads\/2021\/08\/bracelet-eveil-eye-cordon--370x493.jpeg\" alt=\"\" width=\"288\" height=\"384\" \/><\/a><\/figure>\n<h4><a href=\"https:\/\/inivajewelry.com\/fr\/?product_cat=motherland\">EVIL EYE<\/a><\/h4>\n<p style=\"font-size: 14px;\">Prot\u00e9gez-vous avec \u00e9l\u00e9gance. Nos bijoux, inspir\u00e9s par des symboles anciens, repoussent les \u00e9nergies n\u00e9gatives.<\/p>\n<p><img loading=\"lazy\" decoding=\"async\" class=\"alignnone  wp-image-5209\" src=\"http:\/\/inivajewelry.com\/wp-content\/uploads\/2025\/01\/IMG_1137-225x300.jpg\" alt=\"\" width=\"294\" height=\"392\" srcset=\"https:\/\/inivajewelry.com\/wp-content\/uploads\/2025\/01\/IMG_1137-225x300.jpg 225w, https:\/\/inivajewelry.com\/wp-content\/uploads\/2025\/01\/IMG_1137-768x1024.jpg 768w, https:\/\/inivajewelry.com\/wp-content\/uploads\/2025\/01\/IMG_1137-2000x2667.jpg 2000w, https:\/\/inivajewelry.com\/wp-content\/uploads\/2025\/01\/IMG_1137-scaled-370x493.jpg 370w, https:\/\/inivajewelry.com\/wp-content\/uploads\/2025\/01\/IMG_1137-scaled-9x12.jpg 9w, https:\/\/inivajewelry.com\/wp-content\/uploads\/2025\/01\/IMG_1137-scaled.jpg 1920w\" sizes=\"(max-width: 294px) 100vw, 294px\" \/><\/p>\n<h4><a href=\"https:\/\/inivajewelry.com\/fr\/?product_cat=fang\">LACE OF LOVE<\/a><\/h4>\n<p style=\"font-size: 14px;\">Chaque pi\u00e8ce \u00e9voque l'\u00e9ternit\u00e9 de l'amour \u00e0 travers le symbole infini, capturant la magie des liens indestructibles.<\/p>\n<figure><a tabindex=\"-1\" href=\"https:\/\/inivajewelry.com\/fr\/?product_cat=akwaba\"><img loading=\"lazy\" decoding=\"async\" class=\"\" src=\"http:\/\/inivajewelry.com\/wp-content\/uploads\/2024\/04\/IMG_0849-2-scaled-370x493.jpg\" alt=\"\" width=\"295\" height=\"393\" \/><\/a><\/figure>\n<h4><a href=\"https:\/\/inivajewelry.com\/fr\/?product_cat=akwaba\">HOLY<\/a><\/h4>\n<p style=\"font-size: 14px;\">Sacr\u00e9 et \u00e9l\u00e9gant, notre collection rend hommage \u00e0 la profondeur spirituelle de la croix et de la Bible, incarnant une foi \u00e9ternelle et une d\u00e9votion sans faille.<\/p>\n<figure><a tabindex=\"-1\" href=\"https:\/\/inivajewelry.com\/fr\/?product_cat=sun-star-moon\"><img loading=\"lazy\" decoding=\"async\" class=\"\" src=\"http:\/\/inivajewelry.com\/wp-content\/uploads\/2024\/04\/IMG-20240206-WA0049-370x493.jpg\" alt=\"\" width=\"300\" height=\"400\" \/><\/a><\/figure>\n<h4><a href=\"https:\/\/inivajewelry.com\/fr\/?product_cat=sun-star-moon\">WEDDING<\/a><\/h4>\n<p style=\"font-size: 14px;\">Intemporelle et romantique, notre collection Wedding incarne l'essence de l'amour \u00e9ternel et de l'unit\u00e9.<\/p>\n<figure><a tabindex=\"-1\" href=\"https:\/\/inivajewelry.com\/fr\/?product_cat=seashell\"><img loading=\"lazy\" decoding=\"async\" class=\"\" src=\"http:\/\/inivajewelry.com\/wp-content\/uploads\/2024\/04\/WhatsApp-Image-2024-02-05-a-17.45.28_cd9ae759-370x493.jpg\" alt=\"\" width=\"304\" height=\"405\" \/><\/a><\/figure>\n<style>\/*! elementor - v3.21.0 - 30-04-2024 *\/<br \/>\n.elementor-column .elementor-spacer-inner{height:var(--spacer-size)}.e-con{--container-widget-width:100%}.e-con-inner>.elementor-widget-spacer,.e-con>.elementor-widget-spacer{width:var(--container-widget-width,var(--spacer-size));--align-self:var(--container-widget-align-self,initial);--flex-shrink:0}.e-con-inner>.elementor-widget-spacer>.elementor-widget-container,.e-con>.elementor-widget-spacer>.elementor-widget-container{height:100%;width:100%}.e-con-inner>.elementor-widget-spacer>.elementor-widget-container>.elementor-spacer,.e-con>.elementor-widget-spacer>.elementor-widget-container>.elementor-spacer{height:100%}.e-con-inner>.elementor-widget-spacer>.elementor-widget-container>.elementor-spacer>.elementor-spacer-inner,.e-con>.elementor-widget-spacer>.elementor-widget-container>.elementor-spacer>.elementor-spacer-inner{height:var(--container-widget-height,var(--spacer-size))}.e-con-inner>.elementor-widget-spacer.elementor-widget-empty,.e-con>.elementor-widget-spacer.elementor-widget-empty{position:relative;min-height:22px;min-width:22px}.e-con-inner>.elementor-widget-spacer.elementor-widget-empty .elementor-widget-empty-icon,.e-con>.elementor-widget-spacer.elementor-widget-empty .elementor-widget-empty-icon{position:absolute;top:0;bottom:0;left:0;right:0;margin:auto;padding:0;width:22px;height:22px}<\/style>\n<style>\/*! elementor - v3.21.0 - 30-04-2024 *\/<br \/>\n.elementor-heading-title{padding:0;margin:0;line-height:1}.elementor-widget-heading .elementor-heading-title[class*=elementor-size-]>a{color:inherit;font-size:inherit;line-height:inherit}.elementor-widget-heading .elementor-heading-title.elementor-size-small{font-size:15px}.elementor-widget-heading .elementor-heading-title.elementor-size-medium{font-size:19px}.elementor-widget-heading .elementor-heading-title.elementor-size-large{font-size:29px}.elementor-widget-heading .elementor-heading-title.elementor-size-xl{font-size:39px}.elementor-widget-heading .elementor-heading-title.elementor-size-xxl{font-size:59px}<\/style>\n<h2>NOS BEST SELLERS<\/h2>\n<p>Voici une vitrine de nos pi\u00e8ces les plus pris\u00e9es. D\u00e9couvrez l'artisanat remarquable et les designs uniques qui ont s\u00e9duit nos clients. Trouvez votre pi\u00e8ce parfaite ici.<\/p>\n<figure><img loading=\"lazy\" decoding=\"async\" src=\"http:\/\/inivajewelry.com\/wp-content\/uploads\/2024\/05\/IMG_8507.jpeg\" alt=\"\" width=\"1080\" height=\"1080\" \/><\/figure>\n<p><a href=\"https:\/\/inivajewelry.com\/fr\/produit\/fang-chain-bracelet\/\"><br \/>\nVoir produit<br \/>\n<\/a><\/p>\n<figure><img loading=\"lazy\" decoding=\"async\" src=\"http:\/\/inivajewelry.com\/wp-content\/uploads\/2024\/05\/IMG_8504.jpeg\" alt=\"\" width=\"1080\" height=\"1080\" \/><\/figure>\n<h4>Collier Motherland<\/h4>\n<p><a href=\"https:\/\/inivajewelry.com\/fr\/produit\/motherland-necklace\/\"><br \/>\nVoir produit<\/a><\/p>\n<style>\/*! elementor - v3.21.0 - 30-04-2024 *\/<br \/>\n.elementor-widget-divider{--divider-border-style:none;--divider-border-width:1px;--divider-color:#0c0d0e;--divider-icon-size:20px;--divider-element-spacing:10px;--divider-pattern-height:24px;--divider-pattern-size:20px;--divider-pattern-url:none;--divider-pattern-repeat:repeat-x}.elementor-widget-divider .elementor-divider{display:flex}.elementor-widget-divider .elementor-divider__text{font-size:15px;line-height:1;max-width:95%}.elementor-widget-divider .elementor-divider__element{margin:0 var(--divider-element-spacing);flex-shrink:0}.elementor-widget-divider .elementor-icon{font-size:var(--divider-icon-size)}.elementor-widget-divider .elementor-divider-separator{display:flex;margin:0;direction:ltr}.elementor-widget-divider--view-line_icon .elementor-divider-separator,.elementor-widget-divider--view-line_text .elementor-divider-separator{align-items:center}.elementor-widget-divider--view-line_icon .elementor-divider-separator:after,.elementor-widget-divider--view-line_icon .elementor-divider-separator:before,.elementor-widget-divider--view-line_text .elementor-divider-separator:after,.elementor-widget-divider--view-line_text .elementor-divider-separator:before{display:block;content:\"\";border-block-end:0;flex-grow:1;border-block-start:var(--divider-border-width) var(--divider-border-style) var(--divider-color)}.elementor-widget-divider--element-align-left .elementor-divider .elementor-divider-separator>.elementor-divider__svg:first-of-type{flex-grow:0;flex-shrink:100}.elementor-widget-divider--element-align-left .elementor-divider-separator:before{content:none}.elementor-widget-divider--element-align-left .elementor-divider__element{margin-left:0}.elementor-widget-divider--element-align-right .elementor-divider .elementor-divider-separator>.elementor-divider__svg:last-of-type{flex-grow:0;flex-shrink:100}.elementor-widget-divider--element-align-right .elementor-divider-separator:after{content:none}.elementor-widget-divider--element-align-right .elementor-divider__element{margin-right:0}.elementor-widget-divider--element-align-start .elementor-divider .elementor-divider-separator>.elementor-divider__svg:first-of-type{flex-grow:0;flex-shrink:100}.elementor-widget-divider--element-align-start .elementor-divider-separator:before{content:none}.elementor-widget-divider--element-align-start .elementor-divider__element{margin-inline-start:0}.elementor-widget-divider--element-align-end .elementor-divider .elementor-divider-separator>.elementor-divider__svg:last-of-type{flex-grow:0;flex-shrink:100}.elementor-widget-divider--element-align-end .elementor-divider-separator:after{content:none}.elementor-widget-divider--element-align-end .elementor-divider__element{margin-inline-end:0}.elementor-widget-divider:not(.elementor-widget-divider--view-line_text):not(.elementor-widget-divider--view-line_icon) .elementor-divider-separator{border-block-start:var(--divider-border-width) var(--divider-border-style) var(--divider-color)}.elementor-widget-divider--separator-type-pattern{--divider-border-style:none}.elementor-widget-divider--separator-type-pattern.elementor-widget-divider--view-line .elementor-divider-separator,.elementor-widget-divider--separator-type-pattern:not(.elementor-widget-divider--view-line) .elementor-divider-separator:after,.elementor-widget-divider--separator-type-pattern:not(.elementor-widget-divider--view-line) .elementor-divider-separator:before,.elementor-widget-divider--separator-type-pattern:not([class*=elementor-widget-divider--view]) .elementor-divider-separator{width:100%;min-height:var(--divider-pattern-height);-webkit-mask-size:var(--divider-pattern-size) 100%;mask-size:var(--divider-pattern-size) 100%;-webkit-mask-repeat:var(--divider-pattern-repeat);mask-repeat:var(--divider-pattern-repeat);background-color:var(--divider-color);-webkit-mask-image:var(--divider-pattern-url);mask-image:var(--divider-pattern-url)}.elementor-widget-divider--no-spacing{--divider-pattern-size:auto}.elementor-widget-divider--bg-round{--divider-pattern-repeat:round}.rtl .elementor-widget-divider .elementor-divider__text{direction:rtl}.e-con-inner>.elementor-widget-divider,.e-con>.elementor-widget-divider{width:var(--container-widget-width,100%);--flex-grow:var(--container-widget-flex-grow)}<\/style>\n<h3>NOS ENGAGEMENTS<\/h3>\n<h3>QUALIT\u00c9<\/h3>\n<p>La qualit\u00e9 est primordiale. Faits \u00e0 partir d'or 18 carats et orn\u00e9s de pierres pr\u00e9cieuses soigneusement s\u00e9lectionn\u00e9es, chaque pi\u00e8ce refl\u00e8te notre engagement envers l'excellence et l'\u00e9l\u00e9gance intemporelle.<\/p>\n<h3>TRADITION<\/h3>\n<p>Iniva Jewelry treasures tradition. Inspired by Africa&#8217;s rich heritage, our pieces blend ancient symbolism with modern elegance, honoring our roots with sophistication.<\/p>\n<h3>LIVRAISON MONDIALE<\/h3>\n<p>Livraison Internationale : profitez de la commodit\u00e9 avec Iniva Jewelry. Exp\u00e9dition s\u00e9curis\u00e9e et rapide dans le monde entier.<\/p>\n<h3>ENGAGEMENT<\/h3>\n<p>At Iniva Jewelry, every purchase supports Espoir d&#8217;Afrique. With each sale, we contribute to their cause, fostering hope and empowerment across Africa.<\/p>\n<h2>Achetez de mani\u00e8re \u00e9thique avec Iniva Jewelry<\/h2>\n<h1>DONATE TO<br \/>\n&#8220;ESPOIR D&#8217;AFRIQUE&#8221;<\/h1>\n<p><a href=\"https:\/\/inivajewelry.com\/fr\/our-mission\/\"><br \/>\nLire la suite<br \/>\n<\/a><\/p>","protected":false},"excerpt":{"rendered":"<p>CHOOSE YOUR COLLECTION MOTHERLAND African-inspired jewelry, each uniquely shaped as the continent. Embrace your roots in style. FANG Embrace the power and heritage of the Fang mask with our bold yet elegant jewelry designs. AKWABA Blending African art, Ashanti doll symbolism, and unique elegance. SUN STAR MOON Radiate style with celestial-inspired jewelry, capturing sun, stars, &hellip; <\/p>\n<p class=\"link-more\"><a href=\"https:\/\/inivajewelry.com\/fr\/\" class=\"more-link\">Lire la suite de<span class=\"screen-reader-text\">\u00ab\u00a0\u00a0\u00bb<\/span><\/a><\/p>","protected":false},"author":1,"featured_media":0,"parent":0,"menu_order":0,"comment_status":"closed","ping_status":"closed","template":"","meta":{"footnotes":""},"class_list":["post-2773","page","type-page","status-publish","hentry"],"yoast_head":"<!-- This site is optimized with the Yoast SEO plugin v24.8.1 - https:\/\/yoast.com\/wordpress\/plugins\/seo\/ -->\n<title>- Iniva Jewelry<\/title>\n<meta name=\"robots\" content=\"index, follow, max-snippet:-1, max-image-preview:large, max-video-preview:-1\" \/>\n<link rel=\"canonical\" href=\"https:\/\/inivajewelry.com\/fr\/\" \/>\n<meta property=\"og:locale\" content=\"fr_FR\" \/>\n<meta property=\"og:type\" content=\"article\" \/>\n<meta property=\"og:title\" content=\"- Iniva Jewelry\" \/>\n<meta property=\"og:description\" content=\"CHOOSE YOUR COLLECTION MOTHERLAND African-inspired jewelry, each uniquely shaped as the continent. Embrace your roots in style. FANG Embrace the power and heritage of the Fang mask with our bold yet elegant jewelry designs. AKWABA Blending African art, Ashanti doll symbolism, and unique elegance. SUN STAR MOON Radiate style with celestial-inspired jewelry, capturing sun, stars, &hellip; Lire la suite de\u00ab\u00a0\u00a0\u00bb\" \/>\n<meta property=\"og:url\" content=\"https:\/\/inivajewelry.com\/fr\/\" \/>\n<meta property=\"og:site_name\" content=\"Iniva Jewelry\" \/>\n<meta property=\"article:publisher\" content=\"https:\/\/www.facebook.com\/inivajewelry\/\" \/>\n<meta property=\"article:modified_time\" content=\"2025-01-06T14:19:07+00:00\" \/>\n<meta property=\"og:image\" content=\"http:\/\/inivajewelry.com\/wp-content\/uploads\/2024\/02\/img_4839-scaled-370x493.jpg\" \/>\n<meta name=\"twitter:card\" content=\"summary_large_image\" \/>\n<meta name=\"twitter:label1\" content=\"Dur\u00e9e de lecture estim\u00e9e\" \/>\n\t<meta name=\"twitter:data1\" content=\"1 minute\" \/>\n<script type=\"application\/ld+json\" class=\"yoast-schema-graph\">{\"@context\":\"https:\/\/schema.org\",\"@graph\":[{\"@type\":\"WebPage\",\"@id\":\"https:\/\/inivajewelry.com\/\",\"url\":\"https:\/\/inivajewelry.com\/\",\"name\":\"- Iniva Jewelry\",\"isPartOf\":{\"@id\":\"https:\/\/inivajewelry.com\/#website\"},\"primaryImageOfPage\":{\"@id\":\"https:\/\/inivajewelry.com\/#primaryimage\"},\"image\":{\"@id\":\"https:\/\/inivajewelry.com\/#primaryimage\"},\"thumbnailUrl\":\"http:\/\/inivajewelry.com\/wp-content\/uploads\/2024\/02\/img_4839-scaled-370x493.jpg\",\"datePublished\":\"2021-08-09T14:16:56+00:00\",\"dateModified\":\"2025-01-06T14:19:07+00:00\",\"inLanguage\":\"fr-FR\",\"potentialAction\":[{\"@type\":\"ReadAction\",\"target\":[\"https:\/\/inivajewelry.com\/\"]}]},{\"@type\":\"ImageObject\",\"inLanguage\":\"fr-FR\",\"@id\":\"https:\/\/inivajewelry.com\/#primaryimage\",\"url\":\"http:\/\/inivajewelry.com\/wp-content\/uploads\/2024\/02\/img_4839-scaled-370x493.jpg\",\"contentUrl\":\"http:\/\/inivajewelry.com\/wp-content\/uploads\/2024\/02\/img_4839-scaled-370x493.jpg\"},{\"@type\":\"WebSite\",\"@id\":\"https:\/\/inivajewelry.com\/#website\",\"url\":\"https:\/\/inivajewelry.com\/\",\"name\":\"Iniva Jewelry\",\"description\":\"Treasure your identity\",\"publisher\":{\"@id\":\"https:\/\/inivajewelry.com\/#organization\"},\"potentialAction\":[{\"@type\":\"SearchAction\",\"target\":{\"@type\":\"EntryPoint\",\"urlTemplate\":\"https:\/\/inivajewelry.com\/?s={search_term_string}\"},\"query-input\":{\"@type\":\"PropertyValueSpecification\",\"valueRequired\":true,\"valueName\":\"search_term_string\"}}],\"inLanguage\":\"fr-FR\"},{\"@type\":\"Organization\",\"@id\":\"https:\/\/inivajewelry.com\/#organization\",\"name\":\"Iniva Jewelry\",\"url\":\"https:\/\/inivajewelry.com\/\",\"logo\":{\"@type\":\"ImageObject\",\"inLanguage\":\"fr-FR\",\"@id\":\"https:\/\/inivajewelry.com\/#\/schema\/logo\/image\/\",\"url\":\"https:\/\/inivajewelry.com\/wp-content\/uploads\/2024\/01\/Iniva_BrandLogo_Pink-01-1.png\",\"contentUrl\":\"https:\/\/inivajewelry.com\/wp-content\/uploads\/2024\/01\/Iniva_BrandLogo_Pink-01-1.png\",\"width\":1651,\"height\":1017,\"caption\":\"Iniva Jewelry\"},\"image\":{\"@id\":\"https:\/\/inivajewelry.com\/#\/schema\/logo\/image\/\"},\"sameAs\":[\"https:\/\/www.facebook.com\/inivajewelry\/\",\"https:\/\/www.instagram.com\/inivajewelry\"]}]}<\/script>\n<!-- \/ Yoast SEO plugin. -->","yoast_head_json":{"title":"- Iniva Jewelry","robots":{"index":"index","follow":"follow","max-snippet":"max-snippet:-1","max-image-preview":"max-image-preview:large","max-video-preview":"max-video-preview:-1"},"canonical":"https:\/\/inivajewelry.com\/fr\/","og_locale":"fr_FR","og_type":"article","og_title":"- Iniva Jewelry","og_description":"CHOOSE YOUR COLLECTION MOTHERLAND African-inspired jewelry, each uniquely shaped as the continent. Embrace your roots in style. FANG Embrace the power and heritage of the Fang mask with our bold yet elegant jewelry designs. AKWABA Blending African art, Ashanti doll symbolism, and unique elegance. SUN STAR MOON Radiate style with celestial-inspired jewelry, capturing sun, stars, &hellip; Lire la suite de\u00ab\u00a0\u00a0\u00bb","og_url":"https:\/\/inivajewelry.com\/fr\/","og_site_name":"Iniva Jewelry","article_publisher":"https:\/\/www.facebook.com\/inivajewelry\/","article_modified_time":"2025-01-06T14:19:07+00:00","og_image":[{"url":"http:\/\/inivajewelry.com\/wp-content\/uploads\/2024\/02\/img_4839-scaled-370x493.jpg","type":"","width":"","height":""}],"twitter_card":"summary_large_image","twitter_misc":{"Dur\u00e9e de lecture estim\u00e9e":"1 minute"},"schema":{"@context":"https:\/\/schema.org","@graph":[{"@type":"WebPage","@id":"https:\/\/inivajewelry.com\/","url":"https:\/\/inivajewelry.com\/","name":"- Iniva Jewelry","isPartOf":{"@id":"https:\/\/inivajewelry.com\/#website"},"primaryImageOfPage":{"@id":"https:\/\/inivajewelry.com\/#primaryimage"},"image":{"@id":"https:\/\/inivajewelry.com\/#primaryimage"},"thumbnailUrl":"http:\/\/inivajewelry.com\/wp-content\/uploads\/2024\/02\/img_4839-scaled-370x493.jpg","datePublished":"2021-08-09T14:16:56+00:00","dateModified":"2025-01-06T14:19:07+00:00","inLanguage":"fr-FR","potentialAction":[{"@type":"ReadAction","target":["https:\/\/inivajewelry.com\/"]}]},{"@type":"ImageObject","inLanguage":"fr-FR","@id":"https:\/\/inivajewelry.com\/#primaryimage","url":"http:\/\/inivajewelry.com\/wp-content\/uploads\/2024\/02\/img_4839-scaled-370x493.jpg","contentUrl":"http:\/\/inivajewelry.com\/wp-content\/uploads\/2024\/02\/img_4839-scaled-370x493.jpg"},{"@type":"WebSite","@id":"https:\/\/inivajewelry.com\/#website","url":"https:\/\/inivajewelry.com\/","name":"Iniva Jewelry","description":"Treasure your identity","publisher":{"@id":"https:\/\/inivajewelry.com\/#organization"},"potentialAction":[{"@type":"SearchAction","target":{"@type":"EntryPoint","urlTemplate":"https:\/\/inivajewelry.com\/?s={search_term_string}"},"query-input":{"@type":"PropertyValueSpecification","valueRequired":true,"valueName":"search_term_string"}}],"inLanguage":"fr-FR"},{"@type":"Organization","@id":"https:\/\/inivajewelry.com\/#organization","name":"Iniva Jewelry","url":"https:\/\/inivajewelry.com\/","logo":{"@type":"ImageObject","inLanguage":"fr-FR","@id":"https:\/\/inivajewelry.com\/#\/schema\/logo\/image\/","url":"https:\/\/inivajewelry.com\/wp-content\/uploads\/2024\/01\/Iniva_BrandLogo_Pink-01-1.png","contentUrl":"https:\/\/inivajewelry.com\/wp-content\/uploads\/2024\/01\/Iniva_BrandLogo_Pink-01-1.png","width":1651,"height":1017,"caption":"Iniva Jewelry"},"image":{"@id":"https:\/\/inivajewelry.com\/#\/schema\/logo\/image\/"},"sameAs":["https:\/\/www.facebook.com\/inivajewelry\/","https:\/\/www.instagram.com\/inivajewelry"]}]}},"_links":{"self":[{"href":"https:\/\/inivajewelry.com\/fr\/wp-json\/wp\/v2\/pages\/2773","targetHints":{"allow":["GET"]}}],"collection":[{"href":"https:\/\/inivajewelry.com\/fr\/wp-json\/wp\/v2\/pages"}],"about":[{"href":"https:\/\/inivajewelry.com\/fr\/wp-json\/wp\/v2\/types\/page"}],"author":[{"embeddable":true,"href":"https:\/\/inivajewelry.com\/fr\/wp-json\/wp\/v2\/users\/1"}],"replies":[{"embeddable":true,"href":"https:\/\/inivajewelry.com\/fr\/wp-json\/wp\/v2\/comments?post=2773"}],"version-history":[{"count":451,"href":"https:\/\/inivajewelry.com\/fr\/wp-json\/wp\/v2\/pages\/2773\/revisions"}],"predecessor-version":[{"id":5216,"href":"https:\/\/inivajewelry.com\/fr\/wp-json\/wp\/v2\/pages\/2773\/revisions\/5216"}],"wp:attachment":[{"href":"https:\/\/inivajewelry.com\/fr\/wp-json\/wp\/v2\/media?parent=2773"}],"curies":[{"name":"wp","href":"https:\/\/api.w.org\/{rel}","templated":true}]}}