{"id":2954,"date":"2021-08-16T08:23:40","date_gmt":"2021-08-16T08:23:40","guid":{"rendered":"https:\/\/inivajewelry.com\/?post_type=product&#038;p=2954"},"modified":"2024-05-27T19:23:03","modified_gmt":"2024-05-27T17:23:03","slug":"white-gold-earrings-in-white-diamonds","status":"publish","type":"product","link":"https:\/\/inivajewelry.com\/fr\/produit\/white-gold-earrings-in-white-diamonds\/","title":{"rendered":"Boucle d'oreille Evil Eye"},"content":{"rendered":"<p>Les boucles d'oreilles Evil Eye de la collection Evil Eye d'Iniva Jewelry offrent \u00e0 la fois protection et \u00e9l\u00e9gance dans un design captivant et symbolique. Ces boucles d'oreilles exquises sont con\u00e7ues pour orner vos oreilles avec l'allure intemporelle du motif du mauvais \u0153il, servant de talismans contre la n\u00e9gativit\u00e9 et le mal. Plus que de simples accessoires, ces boucles d'oreilles sont des d\u00e9clarations de pouvoir et des c\u00e9l\u00e9brations d'un symbolisme ancien.<\/p>\n<p style=\"text-align: center;\"><strong>Artisanat et design<\/strong><\/p>\n<p>R\u00e9alis\u00e9es avec une attention m\u00e9ticuleuse aux d\u00e9tails, les boucles d'oreilles Evil Eye pr\u00e9sentent des motifs complexes qui incarnent l'essence protectrice du symbole du mauvais \u0153il. Chaque boucle d'oreille est fabriqu\u00e9e de mani\u00e8re experte \u00e0 partir de mat\u00e9riaux de haute qualit\u00e9, garantissant \u00e0 la fois durabilit\u00e9 et finition raffin\u00e9e. Le motif du mauvais \u0153il est soigneusement sculpt\u00e9 pour capturer son regard hypnotique et ses d\u00e9tails complexes, symbolisant la protection et la positivit\u00e9. Les boucles d'oreilles sont con\u00e7ues pour \u00e9voquer un sentiment de puissance et de force, chaque facette refl\u00e9tant le symbolisme intemporel du mauvais \u0153il. Le savoir-faire artisanal utilis\u00e9 pour cr\u00e9er ces boucles d'oreilles refl\u00e8te le d\u00e9vouement et l'habilet\u00e9 de nos artisans, qui insufflent \u00e0 chaque pi\u00e8ce un sens de la signification culturelle et un flair artistique.<\/p>\n<p style=\"text-align: center;\"><strong>Symbolisme et inspiration<\/strong><\/p>\n<p>Inspir\u00e9es des anciennes croyances et traditions, les boucles d'oreilles Evil Eye symbolisent la protection, la positivit\u00e9 et le pouvoir de repousser la n\u00e9gativit\u00e9. Le mauvais \u0153il est depuis longtemps v\u00e9n\u00e9r\u00e9 comme un symbole de protection dans de nombreuses cultures \u00e0 travers le monde, cens\u00e9 prot\u00e9ger contre l'envie, les mauvais souhaits et l'\u00e9nergie n\u00e9gative. Le port de ces boucles d'oreilles vous permet d'emporter des talismans de protection avec vous o\u00f9 que vous alliez, vous offrant \u00e0 la fois style et tranquillit\u00e9 d'esprit. Laissez le design captivant et le symbolisme puissant des boucles d'oreilles Evil Eye vous inspirer pour embrasser votre force int\u00e9rieure et relever les d\u00e9fis de la vie avec confiance et gr\u00e2ce.<\/p>\n<p>D\u00e9couvrez l'\u00e9l\u00e9gance protectrice de la collection Evil Eye avec les boucles d'oreilles Evil Eye, et faites de chaque instant une c\u00e9l\u00e9bration de l'autonomisation et de la positivit\u00e9. Illuminez votre monde avec des pi\u00e8ces qui transcendent la simple parure et font partie int\u00e9grante de votre identit\u00e9 et de votre histoire.<\/p>","protected":false},"excerpt":{"rendered":"<div class=\"benefit-item\"><span class=\"benefit-icon\"><img decoding=\"async\" class=\"\" src=\"https:\/\/nebuleusebijoux.com\/cdn\/shop\/files\/stars-icon_small.png?v=1623411842\" alt=\"\" width=\"26\" height=\"26\" \/>D\u00e9crire mat\u00e9riaux utilis\u00e9s<\/span><\/div>\n<div class=\"benefit-item\"><span class=\"benefit-icon\"><img decoding=\"async\" class=\"\" src=\"https:\/\/nebuleusebijoux.com\/cdn\/shop\/files\/waterdrop-icon_small.png?v=1623411952\" alt=\"\" width=\"26\" height=\"26\" \/>Tous nos bijoux sont r\u00e9sistants \u00e0 l'eau et b\u00e9n\u00e9ficient d'une garantie \u00e0 vie. Les couleurs et la brillance resteront intactes, quelles que soient les activit\u00e9s que vous pratiquerez.<\/span><\/div>\n<div class=\"benefit-item\"><span class=\"benefit-icon\"><img decoding=\"async\" class=\"\" src=\"https:\/\/nebuleusebijoux.com\/cdn\/shop\/files\/return-icon_small.png?v=1623411860\" alt=\"\" width=\"26\" height=\"26\" \/> <\/span><span class=\"benefit-label\">Nous offrons un service de retour sous 30 jours \u00e0 compter de la r\u00e9ception de votre commande. Si le produit ne vous convient pas, veuillez consulter notre <a href=\"https:\/\/inivajewelry.com\/fr\/refund-policy\/\">politique de remboursement<\/a>.<\/span><\/div>\n<div class=\"benefit-item\"><span class=\"benefit-icon\"><img loading=\"lazy\" decoding=\"async\" class=\"\" src=\"https:\/\/nebuleusebijoux.com\/cdn\/shop\/files\/calandar-icon_small.png?v=1623411937\" alt=\"\" width=\"26\" height=\"26\" \/> 24\/7 assistance:\u00a0<u>sandra@inivajewelry.com<\/u>\u00a0<\/span><\/div>","protected":false},"featured_media":3661,"comment_status":"open","ping_status":"closed","template":"","meta":[],"product_cat":[120,112,78],"product_tag":[44,82],"class_list":{"0":"post-2954","1":"product","2":"type-product","3":"status-publish","4":"has-post-thumbnail","6":"product_cat-earring","7":"product_cat-evil-eye","8":"product_cat-jewelry","9":"product_tag-accessories","10":"product_tag-earrings","11":"product_shipping_class-europe","13":"first","14":"instock","15":"taxable","16":"shipping-taxable","17":"purchasable","18":"product-type-variable"},"yoast_head":"<!-- This site is optimized with the Yoast SEO plugin v24.8.1 - https:\/\/yoast.com\/wordpress\/plugins\/seo\/ -->\n<title>Evil Eye Earrings - Iniva Jewelry<\/title>\n<meta name=\"robots\" content=\"index, follow, max-snippet:-1, max-image-preview:large, max-video-preview:-1\" \/>\n<link rel=\"canonical\" href=\"https:\/\/inivajewelry.com\/fr\/produit\/white-gold-earrings-in-white-diamonds\/\" \/>\n<meta property=\"og:locale\" content=\"fr_FR\" \/>\n<meta property=\"og:type\" content=\"article\" \/>\n<meta property=\"og:title\" content=\"Evil Eye Earrings - Iniva Jewelry\" \/>\n<meta property=\"og:description\" content=\"Describe the materials used to make the jewelry All our jewels are water-resistant and come with a lifetime guarantee. Color and brightness will remain intact no matter the activities you&#039;ll do with.  We offer a 30-day returns service upon receipt of your order. If the product is not to your liking, please consult our refund policy.  24\/7 assistance:\u00a0sandra@inivajewelry.com\u00a0\" \/>\n<meta property=\"og:url\" content=\"https:\/\/inivajewelry.com\/fr\/produit\/white-gold-earrings-in-white-diamonds\/\" \/>\n<meta property=\"og:site_name\" content=\"Iniva Jewelry\" \/>\n<meta property=\"article:publisher\" content=\"https:\/\/www.facebook.com\/inivajewelry\/\" \/>\n<meta property=\"article:modified_time\" content=\"2024-05-27T17:23:03+00:00\" \/>\n<meta property=\"og:image\" content=\"https:\/\/inivajewelry.com\/wp-content\/uploads\/2021\/08\/boucle-oreille-evil-eye-.jpeg\" \/>\n\t<meta property=\"og:image:width\" content=\"720\" \/>\n\t<meta property=\"og:image:height\" content=\"1080\" \/>\n\t<meta property=\"og:image:type\" content=\"image\/jpeg\" \/>\n<meta name=\"twitter:card\" content=\"summary_large_image\" \/>\n<meta name=\"twitter:label1\" content=\"Dur\u00e9e de lecture estim\u00e9e\" \/>\n\t<meta name=\"twitter:data1\" content=\"2 minutes\" \/>\n<script type=\"application\/ld+json\" class=\"yoast-schema-graph\">{\"@context\":\"https:\/\/schema.org\",\"@graph\":[{\"@type\":\"WebPage\",\"@id\":\"https:\/\/inivajewelry.com\/product\/white-gold-earrings-in-white-diamonds\/\",\"url\":\"https:\/\/inivajewelry.com\/product\/white-gold-earrings-in-white-diamonds\/\",\"name\":\"Evil Eye Earrings - Iniva Jewelry\",\"isPartOf\":{\"@id\":\"https:\/\/inivajewelry.com\/#website\"},\"primaryImageOfPage\":{\"@id\":\"https:\/\/inivajewelry.com\/product\/white-gold-earrings-in-white-diamonds\/#primaryimage\"},\"image\":{\"@id\":\"https:\/\/inivajewelry.com\/product\/white-gold-earrings-in-white-diamonds\/#primaryimage\"},\"thumbnailUrl\":\"https:\/\/inivajewelry.com\/wp-content\/uploads\/2021\/08\/boucle-oreille-evil-eye-.jpeg\",\"datePublished\":\"2021-08-16T08:23:40+00:00\",\"dateModified\":\"2024-05-27T17:23:03+00:00\",\"breadcrumb\":{\"@id\":\"https:\/\/inivajewelry.com\/product\/white-gold-earrings-in-white-diamonds\/#breadcrumb\"},\"inLanguage\":\"fr-FR\",\"potentialAction\":[{\"@type\":\"ReadAction\",\"target\":[\"https:\/\/inivajewelry.com\/product\/white-gold-earrings-in-white-diamonds\/\"]}]},{\"@type\":\"ImageObject\",\"inLanguage\":\"fr-FR\",\"@id\":\"https:\/\/inivajewelry.com\/product\/white-gold-earrings-in-white-diamonds\/#primaryimage\",\"url\":\"https:\/\/inivajewelry.com\/wp-content\/uploads\/2021\/08\/boucle-oreille-evil-eye-.jpeg\",\"contentUrl\":\"https:\/\/inivajewelry.com\/wp-content\/uploads\/2021\/08\/boucle-oreille-evil-eye-.jpeg\",\"width\":720,\"height\":1080},{\"@type\":\"BreadcrumbList\",\"@id\":\"https:\/\/inivajewelry.com\/product\/white-gold-earrings-in-white-diamonds\/#breadcrumb\",\"itemListElement\":[{\"@type\":\"ListItem\",\"position\":1,\"name\":\"Home\",\"item\":\"https:\/\/inivajewelry.com\/\"},{\"@type\":\"ListItem\",\"position\":2,\"name\":\"Shop\",\"item\":\"https:\/\/inivajewelry.com\/shop\/\"},{\"@type\":\"ListItem\",\"position\":3,\"name\":\"Evil Eye Earrings\"}]},{\"@type\":\"WebSite\",\"@id\":\"https:\/\/inivajewelry.com\/#website\",\"url\":\"https:\/\/inivajewelry.com\/\",\"name\":\"Iniva Jewelry\",\"description\":\"Treasure your identity\",\"publisher\":{\"@id\":\"https:\/\/inivajewelry.com\/#organization\"},\"potentialAction\":[{\"@type\":\"SearchAction\",\"target\":{\"@type\":\"EntryPoint\",\"urlTemplate\":\"https:\/\/inivajewelry.com\/?s={search_term_string}\"},\"query-input\":{\"@type\":\"PropertyValueSpecification\",\"valueRequired\":true,\"valueName\":\"search_term_string\"}}],\"inLanguage\":\"fr-FR\"},{\"@type\":\"Organization\",\"@id\":\"https:\/\/inivajewelry.com\/#organization\",\"name\":\"Iniva Jewelry\",\"url\":\"https:\/\/inivajewelry.com\/\",\"logo\":{\"@type\":\"ImageObject\",\"inLanguage\":\"fr-FR\",\"@id\":\"https:\/\/inivajewelry.com\/#\/schema\/logo\/image\/\",\"url\":\"https:\/\/inivajewelry.com\/wp-content\/uploads\/2024\/01\/Iniva_BrandLogo_Pink-01-1.png\",\"contentUrl\":\"https:\/\/inivajewelry.com\/wp-content\/uploads\/2024\/01\/Iniva_BrandLogo_Pink-01-1.png\",\"width\":1651,\"height\":1017,\"caption\":\"Iniva Jewelry\"},\"image\":{\"@id\":\"https:\/\/inivajewelry.com\/#\/schema\/logo\/image\/\"},\"sameAs\":[\"https:\/\/www.facebook.com\/inivajewelry\/\",\"https:\/\/www.instagram.com\/inivajewelry\"]}]}<\/script>\n<!-- \/ Yoast SEO plugin. -->","yoast_head_json":{"title":"Evil Eye Earrings - Iniva Jewelry","robots":{"index":"index","follow":"follow","max-snippet":"max-snippet:-1","max-image-preview":"max-image-preview:large","max-video-preview":"max-video-preview:-1"},"canonical":"https:\/\/inivajewelry.com\/fr\/produit\/white-gold-earrings-in-white-diamonds\/","og_locale":"fr_FR","og_type":"article","og_title":"Evil Eye Earrings - Iniva Jewelry","og_description":"Describe the materials used to make the jewelry All our jewels are water-resistant and come with a lifetime guarantee. Color and brightness will remain intact no matter the activities you'll do with.  We offer a 30-day returns service upon receipt of your order. If the product is not to your liking, please consult our refund policy.  24\/7 assistance:\u00a0sandra@inivajewelry.com\u00a0","og_url":"https:\/\/inivajewelry.com\/fr\/produit\/white-gold-earrings-in-white-diamonds\/","og_site_name":"Iniva Jewelry","article_publisher":"https:\/\/www.facebook.com\/inivajewelry\/","article_modified_time":"2024-05-27T17:23:03+00:00","og_image":[{"width":720,"height":1080,"url":"https:\/\/inivajewelry.com\/wp-content\/uploads\/2021\/08\/boucle-oreille-evil-eye-.jpeg","type":"image\/jpeg"}],"twitter_card":"summary_large_image","twitter_misc":{"Dur\u00e9e de lecture estim\u00e9e":"2 minutes"},"schema":{"@context":"https:\/\/schema.org","@graph":[{"@type":"WebPage","@id":"https:\/\/inivajewelry.com\/product\/white-gold-earrings-in-white-diamonds\/","url":"https:\/\/inivajewelry.com\/product\/white-gold-earrings-in-white-diamonds\/","name":"Evil Eye Earrings - Iniva Jewelry","isPartOf":{"@id":"https:\/\/inivajewelry.com\/#website"},"primaryImageOfPage":{"@id":"https:\/\/inivajewelry.com\/product\/white-gold-earrings-in-white-diamonds\/#primaryimage"},"image":{"@id":"https:\/\/inivajewelry.com\/product\/white-gold-earrings-in-white-diamonds\/#primaryimage"},"thumbnailUrl":"https:\/\/inivajewelry.com\/wp-content\/uploads\/2021\/08\/boucle-oreille-evil-eye-.jpeg","datePublished":"2021-08-16T08:23:40+00:00","dateModified":"2024-05-27T17:23:03+00:00","breadcrumb":{"@id":"https:\/\/inivajewelry.com\/product\/white-gold-earrings-in-white-diamonds\/#breadcrumb"},"inLanguage":"fr-FR","potentialAction":[{"@type":"ReadAction","target":["https:\/\/inivajewelry.com\/product\/white-gold-earrings-in-white-diamonds\/"]}]},{"@type":"ImageObject","inLanguage":"fr-FR","@id":"https:\/\/inivajewelry.com\/product\/white-gold-earrings-in-white-diamonds\/#primaryimage","url":"https:\/\/inivajewelry.com\/wp-content\/uploads\/2021\/08\/boucle-oreille-evil-eye-.jpeg","contentUrl":"https:\/\/inivajewelry.com\/wp-content\/uploads\/2021\/08\/boucle-oreille-evil-eye-.jpeg","width":720,"height":1080},{"@type":"BreadcrumbList","@id":"https:\/\/inivajewelry.com\/product\/white-gold-earrings-in-white-diamonds\/#breadcrumb","itemListElement":[{"@type":"ListItem","position":1,"name":"Home","item":"https:\/\/inivajewelry.com\/"},{"@type":"ListItem","position":2,"name":"Shop","item":"https:\/\/inivajewelry.com\/shop\/"},{"@type":"ListItem","position":3,"name":"Evil Eye Earrings"}]},{"@type":"WebSite","@id":"https:\/\/inivajewelry.com\/#website","url":"https:\/\/inivajewelry.com\/","name":"Iniva Jewelry","description":"Treasure your identity","publisher":{"@id":"https:\/\/inivajewelry.com\/#organization"},"potentialAction":[{"@type":"SearchAction","target":{"@type":"EntryPoint","urlTemplate":"https:\/\/inivajewelry.com\/?s={search_term_string}"},"query-input":{"@type":"PropertyValueSpecification","valueRequired":true,"valueName":"search_term_string"}}],"inLanguage":"fr-FR"},{"@type":"Organization","@id":"https:\/\/inivajewelry.com\/#organization","name":"Iniva Jewelry","url":"https:\/\/inivajewelry.com\/","logo":{"@type":"ImageObject","inLanguage":"fr-FR","@id":"https:\/\/inivajewelry.com\/#\/schema\/logo\/image\/","url":"https:\/\/inivajewelry.com\/wp-content\/uploads\/2024\/01\/Iniva_BrandLogo_Pink-01-1.png","contentUrl":"https:\/\/inivajewelry.com\/wp-content\/uploads\/2024\/01\/Iniva_BrandLogo_Pink-01-1.png","width":1651,"height":1017,"caption":"Iniva Jewelry"},"image":{"@id":"https:\/\/inivajewelry.com\/#\/schema\/logo\/image\/"},"sameAs":["https:\/\/www.facebook.com\/inivajewelry\/","https:\/\/www.instagram.com\/inivajewelry"]}]}},"_links":{"self":[{"href":"https:\/\/inivajewelry.com\/fr\/wp-json\/wp\/v2\/product\/2954","targetHints":{"allow":["GET"]}}],"collection":[{"href":"https:\/\/inivajewelry.com\/fr\/wp-json\/wp\/v2\/product"}],"about":[{"href":"https:\/\/inivajewelry.com\/fr\/wp-json\/wp\/v2\/types\/product"}],"replies":[{"embeddable":true,"href":"https:\/\/inivajewelry.com\/fr\/wp-json\/wp\/v2\/comments?post=2954"}],"version-history":[{"count":3,"href":"https:\/\/inivajewelry.com\/fr\/wp-json\/wp\/v2\/product\/2954\/revisions"}],"predecessor-version":[{"id":5049,"href":"https:\/\/inivajewelry.com\/fr\/wp-json\/wp\/v2\/product\/2954\/revisions\/5049"}],"wp:featuredmedia":[{"embeddable":true,"href":"https:\/\/inivajewelry.com\/fr\/wp-json\/wp\/v2\/media\/3661"}],"wp:attachment":[{"href":"https:\/\/inivajewelry.com\/fr\/wp-json\/wp\/v2\/media?parent=2954"}],"wp:term":[{"taxonomy":"product_cat","embeddable":true,"href":"https:\/\/inivajewelry.com\/fr\/wp-json\/wp\/v2\/product_cat?post=2954"},{"taxonomy":"product_tag","embeddable":true,"href":"https:\/\/inivajewelry.com\/fr\/wp-json\/wp\/v2\/product_tag?post=2954"}],"curies":[{"name":"wp","href":"https:\/\/api.w.org\/{rel}","templated":true}]}}